{"id":1794,"date":"2025-06-18T14:10:02","date_gmt":"2025-06-18T12:10:02","guid":{"rendered":"https:\/\/mrs-opel.com\/impressum\/"},"modified":"2025-11-29T12:46:09","modified_gmt":"2025-11-29T11:46:09","slug":"impressum","status":"publish","type":"page","link":"https:\/\/mrs-opel.com\/de\/impressum\/","title":{"rendered":"Impressum"},"content":{"rendered":"\t\t<div data-elementor-type=\"wp-page\" data-elementor-id=\"1794\" class=\"elementor elementor-1794 elementor-1063\" data-elementor-post-type=\"page\">\n\t\t\t\t<div class=\"elementor-element elementor-element-6979487c e-flex e-con-boxed e-con e-parent\" data-id=\"6979487c\" data-element_type=\"container\">\n\t\t\t\t\t<div class=\"e-con-inner\">\n\t\t<div class=\"elementor-element elementor-element-49d4001e e-con-full e-flex e-con e-child\" data-id=\"49d4001e\" data-element_type=\"container\">\n\t\t\t\t<div class=\"elementor-element elementor-element-7e34482c elementor-widget elementor-widget-heading\" data-id=\"7e34482c\" data-element_type=\"widget\" data-widget_type=\"heading.default\">\n\t\t\t\t<div class=\"elementor-widget-container\">\n\t\t\t\t\t<h1 class=\"elementor-heading-title elementor-size-default\">Impressum<\/h1>\t\t\t\t<\/div>\n\t\t\t\t<\/div>\n\t\t\t\t<div class=\"elementor-element elementor-element-4b334abe elementor-widget elementor-widget-text-editor\" data-id=\"4b334abe\" data-element_type=\"widget\" data-widget_type=\"text-editor.default\">\n\t\t\t\t<div class=\"elementor-widget-container\">\n\t\t\t\t\t\t\t\t\t<h3><span style=\"font-weight: 400;\">Impressum \/ Rechtliche Hinweise<\/span><\/h3><p><span style=\"font-weight: 400;\">Angaben gem\u00e4\u00df \u00a7 5 Telemediengesetz (TMG)<\/span><\/p><p><strong>MRS-OPEL<br><\/strong><span style=\"font-weight: 400;\">Heinrich-Hertz-Str. 102<br><\/span><span style=\"font-weight: 400;\">22083 Hamburg, Germany<\/span><\/p><p><span style=\"font-weight: 400;\">Email: <a href=\"mailto:yes@mrs-opel.com\">yes(at)mrs-opel.com<\/a><br><\/span><span style=\"font-weight: 400;\">Webseite: <a href=\"https:\/\/mrs-opel.com\/de\/\">https:\/\/mrs-opel.com<\/a><\/span><\/p><p><span style=\"font-weight: 400;\">Inhaltlich verantwortlich gem\u00e4\u00df \u00a7 55 Abs. 2 RStV <\/span><b>\u00a7 18 para. 2 State Media Treaty (MStV) <\/b><\/p><p><span style=\"font-weight: 400;\">Lisa Opel<br><\/span><span style=\"font-weight: 400;\">Heinrich-Hertz-Str. 102<br><\/span><span style=\"font-weight: 400;\">22083 Hamburg, Germany<\/span><\/p><h3><span style=\"font-weight: 400;\">Haftungsausschluss<\/span><\/h3><h4><span style=\"font-weight: 400;\">Haftung f\u00fcr Inhalte<\/span><\/h4><p><span style=\"font-weight: 400;\">Die Inhalte dieser Website wurden mit gr\u00f6\u00dftm\u00f6glicher Sorgfalt erstellt. F\u00fcr die Richtigkeit, Vollst\u00e4ndigkeit und Aktualit\u00e4t der Inhalte k\u00f6nnen wir jedoch keine Gew\u00e4hr \u00fcbernehmen. Als Diensteanbieter sind wir gem\u00e4\u00df \u00a7 7 Abs. 1 TMG in Verbindung mit den allgemeinen Gesetzen f\u00fcr eigene Inhalte auf diesen Seiten verantwortlich.<br>Nach \u00a7\u00a7 8 bis 10 TMG sind wir als Diensteanbieter jedoch nicht verpflichtet, \u00fcbermittelte oder gespeicherte fremde Informationen zu \u00fcberwachen oder nach Umst\u00e4nden zu forschen, die auf eine rechtswidrige T\u00e4tigkeit hinweisen. Verpflichtungen zur Entfernung oder Sperrung der Nutzung von Informationen nach den allgemeinen Gesetzen bleiben hiervon unber\u00fchrt.     <\/span><\/p><h4><span style=\"font-weight: 400;\">Haftung f\u00fcr Links<\/span><\/h4><p><span style=\"font-weight: 400;\">Unser Angebot enth\u00e4lt Links zu externen Websites Dritter, auf deren Inhalte wir keinen Einfluss haben. Deshalb k\u00f6nnen wir f\u00fcr diese fremden Inhalte auch keine Haftung \u00fcbernehmen. F\u00fcr die Inhalte der verlinkten Seiten ist stets der jeweilige Anbieter oder Betreiber der Seiten verantwortlich.  <\/span><\/p>\t\t\t\t\t\t\t\t<\/div>\n\t\t\t\t<\/div>\n\t\t\t\t<\/div>\n\t\t\t\t\t<\/div>\n\t\t\t\t<\/div>\n\t\t\t\t<\/div>\n\t\t","protected":false},"excerpt":{"rendered":"<p>Impressum Impressum \/ Rechtliche Hinweise Angaben gem\u00e4\u00df \u00a7 5 Telemediengesetz (TMG) MRS-OPELHeinrich-Hertz-Str. 10222083 Hamburg, Germany Email: yes(at)mrs-opel.comWebseite: https:\/\/mrs-opel.com Inhaltlich verantwortlich gem\u00e4\u00df \u00a7 55 Abs. 2 RStV \u00a7 18 para. 2 State Media Treaty (MStV) Lisa OpelHeinrich-Hertz-Str. 10222083 Hamburg, Germany Haftungsausschluss Haftung f\u00fcr Inhalte Die Inhalte dieser Website wurden mit gr\u00f6\u00dftm\u00f6glicher Sorgfalt erstellt. F\u00fcr die Richtigkeit, [&hellip;]<\/p>\n","protected":false},"author":2,"featured_media":1609,"parent":0,"menu_order":0,"comment_status":"closed","ping_status":"closed","template":"elementor_header_footer","meta":{"footnotes":""},"class_list":["post-1794","page","type-page","status-publish","has-post-thumbnail","hentry"],"yoast_head":"<!-- This site is optimized with the Yoast SEO plugin v26.5 - https:\/\/yoast.com\/wordpress\/plugins\/seo\/ -->\n<title>Impressum - Lisa Opel<\/title>\n<meta name=\"description\" content=\"PPMH Translator said:Rechtliche Hinweise, Kontaktdaten und Informationen zur Website von Lisa Opel. Dies ist das offizielle Impressum gem\u00e4\u00df den gesetzlichen Vorgaben.\" \/>\n<meta name=\"robots\" content=\"index, follow, max-snippet:-1, max-image-preview:large, max-video-preview:-1\" \/>\n<link rel=\"canonical\" href=\"https:\/\/mrs-opel.com\/de\/impressum\/\" \/>\n<meta property=\"og:locale\" content=\"de_DE\" \/>\n<meta property=\"og:type\" content=\"article\" \/>\n<meta property=\"og:title\" content=\"Impressum - Lisa Opel\" \/>\n<meta property=\"og:description\" content=\"PPMH Translator said:Rechtliche Hinweise, Kontaktdaten und Informationen zur Website von Lisa Opel. Dies ist das offizielle Impressum gem\u00e4\u00df den gesetzlichen Vorgaben.\" \/>\n<meta property=\"og:url\" content=\"https:\/\/mrs-opel.com\/de\/impressum\/\" \/>\n<meta property=\"og:site_name\" content=\"Lisa Opel\" \/>\n<meta property=\"article:modified_time\" content=\"2025-11-29T11:46:09+00:00\" \/>\n<meta property=\"og:image\" content=\"https:\/\/mrs-opel.com\/wp-content\/uploads\/2025\/06\/Handmade-Kid-Shop-Chekout.jpg\" \/>\n\t<meta property=\"og:image:width\" content=\"400\" \/>\n\t<meta property=\"og:image:height\" content=\"380\" \/>\n\t<meta property=\"og:image:type\" content=\"image\/jpeg\" \/>\n<meta name=\"twitter:card\" content=\"summary_large_image\" \/>\n<meta name=\"twitter:label1\" content=\"Est. reading time\" \/>\n\t<meta name=\"twitter:data1\" content=\"1 minute\" \/>\n<script type=\"application\/ld+json\" class=\"yoast-schema-graph\">{\"@context\":\"https:\/\/schema.org\",\"@graph\":[{\"@type\":\"WebPage\",\"@id\":\"https:\/\/mrs-opel.com\/de\/impressum\/\",\"url\":\"https:\/\/mrs-opel.com\/de\/impressum\/\",\"name\":\"Impressum - Lisa Opel\",\"isPartOf\":{\"@id\":\"https:\/\/mrs-opel.com\/de\/#website\"},\"primaryImageOfPage\":{\"@id\":\"https:\/\/mrs-opel.com\/de\/impressum\/#primaryimage\"},\"image\":{\"@id\":\"https:\/\/mrs-opel.com\/de\/impressum\/#primaryimage\"},\"thumbnailUrl\":\"https:\/\/mrs-opel.com\/wp-content\/uploads\/2025\/06\/Handmade-Kid-Shop-Chekout.jpg\",\"datePublished\":\"2025-06-18T12:10:02+00:00\",\"dateModified\":\"2025-11-29T11:46:09+00:00\",\"description\":\"PPMH Translator said:Rechtliche Hinweise, Kontaktdaten und Informationen zur Website von Lisa Opel. Dies ist das offizielle Impressum gem\u00e4\u00df den gesetzlichen Vorgaben.\",\"breadcrumb\":{\"@id\":\"https:\/\/mrs-opel.com\/de\/impressum\/#breadcrumb\"},\"inLanguage\":\"de\",\"potentialAction\":[{\"@type\":\"ReadAction\",\"target\":[\"https:\/\/mrs-opel.com\/de\/impressum\/\"]}]},{\"@type\":\"ImageObject\",\"inLanguage\":\"de\",\"@id\":\"https:\/\/mrs-opel.com\/de\/impressum\/#primaryimage\",\"url\":\"https:\/\/mrs-opel.com\/wp-content\/uploads\/2025\/06\/Handmade-Kid-Shop-Chekout.jpg\",\"contentUrl\":\"https:\/\/mrs-opel.com\/wp-content\/uploads\/2025\/06\/Handmade-Kid-Shop-Chekout.jpg\",\"width\":400,\"height\":380},{\"@type\":\"BreadcrumbList\",\"@id\":\"https:\/\/mrs-opel.com\/de\/impressum\/#breadcrumb\",\"itemListElement\":[{\"@type\":\"ListItem\",\"position\":1,\"name\":\"Startseite\",\"item\":\"https:\/\/mrs-opel.com\/de\/\"},{\"@type\":\"ListItem\",\"position\":2,\"name\":\"Impressum\"}]},{\"@type\":\"WebSite\",\"@id\":\"https:\/\/mrs-opel.com\/de\/#website\",\"url\":\"https:\/\/mrs-opel.com\/de\/\",\"name\":\"Lisa Opel\",\"description\":\"Your Confidante\",\"publisher\":{\"@id\":\"https:\/\/mrs-opel.com\/de\/#\/schema\/person\/8467a508c5b1f7204d6056b179e425be\"},\"potentialAction\":[{\"@type\":\"SearchAction\",\"target\":{\"@type\":\"EntryPoint\",\"urlTemplate\":\"https:\/\/mrs-opel.com\/de\/?s={search_term_string}\"},\"query-input\":{\"@type\":\"PropertyValueSpecification\",\"valueRequired\":true,\"valueName\":\"search_term_string\"}}],\"inLanguage\":\"de\"},{\"@type\":[\"Person\",\"Organization\"],\"@id\":\"https:\/\/mrs-opel.com\/de\/#\/schema\/person\/8467a508c5b1f7204d6056b179e425be\",\"name\":\"Lisa Opel\",\"image\":{\"@type\":\"ImageObject\",\"inLanguage\":\"de\",\"@id\":\"https:\/\/mrs-opel.com\/de\/#\/schema\/person\/image\/\",\"url\":\"https:\/\/mrs-opel.com\/wp-content\/uploads\/2025\/06\/lisa-opel-confidante-booking-coach-pleasepinchmehard-8.jpg\",\"contentUrl\":\"https:\/\/mrs-opel.com\/wp-content\/uploads\/2025\/06\/lisa-opel-confidante-booking-coach-pleasepinchmehard-8.jpg\",\"width\":1536,\"height\":2048,\"caption\":\"Lisa Opel\"},\"logo\":{\"@id\":\"https:\/\/mrs-opel.com\/de\/#\/schema\/person\/image\/\"}}]}<\/script>\n<!-- \/ Yoast SEO plugin. -->","yoast_head_json":{"title":"Impressum - Lisa Opel","description":"PPMH Translator said:Rechtliche Hinweise, Kontaktdaten und Informationen zur Website von Lisa Opel. Dies ist das offizielle Impressum gem\u00e4\u00df den gesetzlichen Vorgaben.","robots":{"index":"index","follow":"follow","max-snippet":"max-snippet:-1","max-image-preview":"max-image-preview:large","max-video-preview":"max-video-preview:-1"},"canonical":"https:\/\/mrs-opel.com\/de\/impressum\/","og_locale":"de_DE","og_type":"article","og_title":"Impressum - Lisa Opel","og_description":"PPMH Translator said:Rechtliche Hinweise, Kontaktdaten und Informationen zur Website von Lisa Opel. Dies ist das offizielle Impressum gem\u00e4\u00df den gesetzlichen Vorgaben.","og_url":"https:\/\/mrs-opel.com\/de\/impressum\/","og_site_name":"Lisa Opel","article_modified_time":"2025-11-29T11:46:09+00:00","og_image":[{"width":400,"height":380,"url":"https:\/\/mrs-opel.com\/wp-content\/uploads\/2025\/06\/Handmade-Kid-Shop-Chekout.jpg","type":"image\/jpeg"}],"twitter_card":"summary_large_image","twitter_misc":{"Est. reading time":"1 minute"},"schema":{"@context":"https:\/\/schema.org","@graph":[{"@type":"WebPage","@id":"https:\/\/mrs-opel.com\/de\/impressum\/","url":"https:\/\/mrs-opel.com\/de\/impressum\/","name":"Impressum - Lisa Opel","isPartOf":{"@id":"https:\/\/mrs-opel.com\/de\/#website"},"primaryImageOfPage":{"@id":"https:\/\/mrs-opel.com\/de\/impressum\/#primaryimage"},"image":{"@id":"https:\/\/mrs-opel.com\/de\/impressum\/#primaryimage"},"thumbnailUrl":"https:\/\/mrs-opel.com\/wp-content\/uploads\/2025\/06\/Handmade-Kid-Shop-Chekout.jpg","datePublished":"2025-06-18T12:10:02+00:00","dateModified":"2025-11-29T11:46:09+00:00","description":"PPMH Translator said:Rechtliche Hinweise, Kontaktdaten und Informationen zur Website von Lisa Opel. Dies ist das offizielle Impressum gem\u00e4\u00df den gesetzlichen Vorgaben.","breadcrumb":{"@id":"https:\/\/mrs-opel.com\/de\/impressum\/#breadcrumb"},"inLanguage":"de","potentialAction":[{"@type":"ReadAction","target":["https:\/\/mrs-opel.com\/de\/impressum\/"]}]},{"@type":"ImageObject","inLanguage":"de","@id":"https:\/\/mrs-opel.com\/de\/impressum\/#primaryimage","url":"https:\/\/mrs-opel.com\/wp-content\/uploads\/2025\/06\/Handmade-Kid-Shop-Chekout.jpg","contentUrl":"https:\/\/mrs-opel.com\/wp-content\/uploads\/2025\/06\/Handmade-Kid-Shop-Chekout.jpg","width":400,"height":380},{"@type":"BreadcrumbList","@id":"https:\/\/mrs-opel.com\/de\/impressum\/#breadcrumb","itemListElement":[{"@type":"ListItem","position":1,"name":"Startseite","item":"https:\/\/mrs-opel.com\/de\/"},{"@type":"ListItem","position":2,"name":"Impressum"}]},{"@type":"WebSite","@id":"https:\/\/mrs-opel.com\/de\/#website","url":"https:\/\/mrs-opel.com\/de\/","name":"Lisa Opel","description":"Your Confidante","publisher":{"@id":"https:\/\/mrs-opel.com\/de\/#\/schema\/person\/8467a508c5b1f7204d6056b179e425be"},"potentialAction":[{"@type":"SearchAction","target":{"@type":"EntryPoint","urlTemplate":"https:\/\/mrs-opel.com\/de\/?s={search_term_string}"},"query-input":{"@type":"PropertyValueSpecification","valueRequired":true,"valueName":"search_term_string"}}],"inLanguage":"de"},{"@type":["Person","Organization"],"@id":"https:\/\/mrs-opel.com\/de\/#\/schema\/person\/8467a508c5b1f7204d6056b179e425be","name":"Lisa Opel","image":{"@type":"ImageObject","inLanguage":"de","@id":"https:\/\/mrs-opel.com\/de\/#\/schema\/person\/image\/","url":"https:\/\/mrs-opel.com\/wp-content\/uploads\/2025\/06\/lisa-opel-confidante-booking-coach-pleasepinchmehard-8.jpg","contentUrl":"https:\/\/mrs-opel.com\/wp-content\/uploads\/2025\/06\/lisa-opel-confidante-booking-coach-pleasepinchmehard-8.jpg","width":1536,"height":2048,"caption":"Lisa Opel"},"logo":{"@id":"https:\/\/mrs-opel.com\/de\/#\/schema\/person\/image\/"}}]}},"_links":{"self":[{"href":"https:\/\/mrs-opel.com\/de\/wp-json\/wp\/v2\/pages\/1794","targetHints":{"allow":["GET"]}}],"collection":[{"href":"https:\/\/mrs-opel.com\/de\/wp-json\/wp\/v2\/pages"}],"about":[{"href":"https:\/\/mrs-opel.com\/de\/wp-json\/wp\/v2\/types\/page"}],"author":[{"embeddable":true,"href":"https:\/\/mrs-opel.com\/de\/wp-json\/wp\/v2\/users\/2"}],"replies":[{"embeddable":true,"href":"https:\/\/mrs-opel.com\/de\/wp-json\/wp\/v2\/comments?post=1794"}],"version-history":[{"count":3,"href":"https:\/\/mrs-opel.com\/de\/wp-json\/wp\/v2\/pages\/1794\/revisions"}],"predecessor-version":[{"id":1797,"href":"https:\/\/mrs-opel.com\/de\/wp-json\/wp\/v2\/pages\/1794\/revisions\/1797"}],"wp:featuredmedia":[{"embeddable":true,"href":"https:\/\/mrs-opel.com\/de\/wp-json\/wp\/v2\/media\/1609"}],"wp:attachment":[{"href":"https:\/\/mrs-opel.com\/de\/wp-json\/wp\/v2\/media?parent=1794"}],"curies":[{"name":"wp","href":"https:\/\/api.w.org\/{rel}","templated":true}]}}